{"id":11,"date":"2013-09-26T11:46:17","date_gmt":"2013-09-26T09:46:17","guid":{"rendered":"http:\/\/blog.iuk-loesungen.de\/?page_id=11"},"modified":"2025-01-17T10:21:38","modified_gmt":"2025-01-17T08:21:38","slug":"home","status":"publish","type":"page","link":"https:\/\/www.rcd510.de\/","title":{"rendered":"Home"},"content":{"rendered":"<p style=\"text-align: center;\">Herzlich Willkommen auf der Informationsseite zu den Radiosystemen RCN 210, RCD 330 und\u00a0 RCD 510 von Volkswagen. Da es viele Informationen im Netz gibt, aber auch weil ich \u00f6fters die verschiedensten Radiosysteme in die H\u00e4nde bekomme, soll diese Seite als eine Art WIKI dienen, die die Unterschiede der weltweit gehandelten Modelle aufzeigt. Ebenso wird auf die verschiedensten Nachr\u00fcstungen und Umr\u00fcstungen eingegangen.<\/p>\n<p style=\"text-align: center;\">Jede Produktlinie hat nochmals Unterteilungen in verschiedene Ausstattungen. Details erfahrt Ihr auf den jeweiligen Produktseiten. Diese Seite lebt vom Mitmachen. Anregungen und Erweiterungen sind daher gew\u00fcnscht.<\/p>\n<p style=\"text-align: center;\"><strong>Aktuelle Angebote von mir auf eBay (Werbung): <\/strong><\/p>\n<p style=\"text-align: center;\">\n<div class=\"atkp-container atkp-box-box  atkp-template-box\">\n                        <div class=\"atkp-box atkp-clearfix atkp-smallbox \"\n                 style=\"\">\n                <div class=\"atkp-predicateheadline atkp-predicate-highlight\">\n                    <span><\/span><\/div>\n                <div class=\"atkp-thumb\">\n                                            <img decoding=\"async\" class=\"atkp-image\" src=\"https:\/\/i.ebayimg.com\/00\/s\/MTA2NVgxNjAw\/z\/zcIAAOSw-yJcK06k\/$_1.JPG?set_id=8800005007\"\n                             alt=\"Original VW Autoradio Composition Touch 6,5&quot; RCD330+ mit CarPlay, vom H&auml;ndler\"\/>\n                                                                    <div class=\"atkp-rating\"><span class=\"atkp-star atkp-star-0 atkp-star-00\" title=\"0.00 von 5 Sternen\"><\/span><\/div>\n                                                                                    <div class=\"atkp-reviews\">Kundenbewertungen<\/div>\n                                                                                        <\/div>\n                <div class=\"atkp-content\">\n                                            <a class=\"atkp-title\" href=\"https:\/\/www.ebay.de\/itm\/Original-VW-Autoradio-Composition-Touch-6-5-RCD330-CarPlay-Haendler-\/167306629125?mkcid=1&mkrid=707-53477-19255-0&siteid=77&campid=5338228915&customid=&toolid=10001&mkevt=1\" rel=\"sponsored nofollow noopener\" target=\"_blank\"  title=\"Jetzt kaufen bei eBay\">Original VW Autoradio Composition Touch 6,5&quot; RCD330+ mit CarPlay, vom H&auml;ndler*<\/a>\n                                        <div class=\"atkp-author\"><\/div>\n                                            <div class=\"atkp-shoplogo\">eBay<\/div>\n                                    <\/div>\n                <div class=\"atkp-bottom\">\n                                            <span class=\"atkp-price atkp-listprice\"><\/span>\n                                                                <span class=\"atkp-price atkp-savedamount\"><\/span>\n                                                                <span class=\"atkp-price atkp-saleprice\">\n                            &nbsp;Preis: &euro; 479,00\n                                                            <span class=\"atkp_price atkp-baseprice\"><\/span>\n                                                    <\/span>\n                                                                <a href=\"https:\/\/www.ebay.de\/itm\/Original-VW-Autoradio-Composition-Touch-6-5-RCD330-CarPlay-Haendler-\/167306629125?mkcid=1&mkrid=707-53477-19255-0&siteid=77&campid=5338228915&customid=&toolid=10001&mkevt=1\" rel=\"sponsored nofollow noopener\" target=\"_blank\"  title=\"Jetzt kaufen bei eBay\" class=\"atkp-button\">Jetzt kaufen bei eBay!*<\/a>\n                                                                                    <span class=\"atkp-priceinfo\">Preis inkl. MwSt., zzgl. Versandkosten<\/span>\n                                    <\/div>\n            <\/div>\n        \n                    <span class=\"atkp-disclaimer\"><br>Zuletzt aktualisiert am 28. Februar 2025 um 14:28 . Wir weisen darauf hin, dass sich hier angezeigte Preise inzwischen ge\u00e4ndert haben k\u00f6nnen. Alle Angaben ohne Gew\u00e4hr.<br>Die mit * gekennzeichneten Links sind sogenannte Affiliate Links. Kommt \u00fcber einen solchen Link ein Einkauf zustande, werde ich mit einer Provision beteiligt. F\u00fcr Dich entstehen dabei keine Mehrkosten. Wo, wann und wie Du ein Produkt kaufst, bleibt nat\u00fcrlich Dir \u00fcberlassen.<\/span>\n            <\/div><\/p>\n<p style=\"text-align: center;\">Falls hier gerade keine Angebote zu sehen sind, habe ich leider derzeit keine Ger\u00e4te am Lager. Wieder reinschauen lohnt sich!<\/p>\n","protected":false},"excerpt":{"rendered":"<p>Herzlich Willkommen auf der Informationsseite zu den Radiosystemen RCN 210, RCD 330 und\u00a0 RCD 510 von Volkswagen. Da es viele Informationen im Netz gibt,<\/p>\n","protected":false},"author":1,"featured_media":0,"parent":0,"menu_order":0,"comment_status":"closed","ping_status":"closed","template":"","meta":{"footnotes":""},"class_list":["post-11","page","type-page","status-publish","hentry"],"_links":{"self":[{"href":"https:\/\/www.rcd510.de\/index.php?rest_route=\/wp\/v2\/pages\/11","targetHints":{"allow":["GET"]}}],"collection":[{"href":"https:\/\/www.rcd510.de\/index.php?rest_route=\/wp\/v2\/pages"}],"about":[{"href":"https:\/\/www.rcd510.de\/index.php?rest_route=\/wp\/v2\/types\/page"}],"author":[{"embeddable":true,"href":"https:\/\/www.rcd510.de\/index.php?rest_route=\/wp\/v2\/users\/1"}],"replies":[{"embeddable":true,"href":"https:\/\/www.rcd510.de\/index.php?rest_route=%2Fwp%2Fv2%2Fcomments&post=11"}],"version-history":[{"count":45,"href":"https:\/\/www.rcd510.de\/index.php?rest_route=\/wp\/v2\/pages\/11\/revisions"}],"predecessor-version":[{"id":519,"href":"https:\/\/www.rcd510.de\/index.php?rest_route=\/wp\/v2\/pages\/11\/revisions\/519"}],"wp:attachment":[{"href":"https:\/\/www.rcd510.de\/index.php?rest_route=%2Fwp%2Fv2%2Fmedia&parent=11"}],"curies":[{"name":"wp","href":"https:\/\/api.w.org\/{rel}","templated":true}]}}