{"id":168,"date":"2014-11-17T11:28:57","date_gmt":"2014-11-17T09:28:57","guid":{"rendered":"http:\/\/www.rcd510.de\/?page_id=168"},"modified":"2018-01-18T18:47:43","modified_gmt":"2018-01-18T16:47:43","slug":"radioankauf","status":"publish","type":"page","link":"https:\/\/www.rcd510.de\/?page_id=168","title":{"rendered":"Radioankauf"},"content":{"rendered":"<p>Sie haben sich ein neues RCD510 oder ein anderes Radio gekauft und m\u00f6chten nun Ihr altes Autoradio verkaufen? Dann k\u00f6nnen Sie uns hier kontaktieren. Wir kaufen alle g\u00e4ngigen VW-Autoradios und Navigationssysteme ab 2005 an. Egal ob RCD300, RCD500, RCD210, RCD310, RCD510, RNS310, RNS315, RNS510 oder weitere Radios. Auch Radios aus einem Skoda oder Seat. Senden Sie uns dazu eine <a href=\"mailto:ankauf@rcd510.de\">E-Mail<\/a> mit Informationen zum Radio.<\/p>\n","protected":false},"excerpt":{"rendered":"<p>Sie haben sich ein neues RCD510 oder ein anderes Radio gekauft und m\u00f6chten nun Ihr altes Autoradio verkaufen? Dann k\u00f6nnen Sie uns hier kontaktieren.<\/p>\n","protected":false},"author":1,"featured_media":0,"parent":0,"menu_order":0,"comment_status":"closed","ping_status":"closed","template":"","meta":{"footnotes":""},"class_list":["post-168","page","type-page","status-publish","hentry"],"_links":{"self":[{"href":"https:\/\/www.rcd510.de\/index.php?rest_route=\/wp\/v2\/pages\/168","targetHints":{"allow":["GET"]}}],"collection":[{"href":"https:\/\/www.rcd510.de\/index.php?rest_route=\/wp\/v2\/pages"}],"about":[{"href":"https:\/\/www.rcd510.de\/index.php?rest_route=\/wp\/v2\/types\/page"}],"author":[{"embeddable":true,"href":"https:\/\/www.rcd510.de\/index.php?rest_route=\/wp\/v2\/users\/1"}],"replies":[{"embeddable":true,"href":"https:\/\/www.rcd510.de\/index.php?rest_route=%2Fwp%2Fv2%2Fcomments&post=168"}],"version-history":[{"count":4,"href":"https:\/\/www.rcd510.de\/index.php?rest_route=\/wp\/v2\/pages\/168\/revisions"}],"predecessor-version":[{"id":301,"href":"https:\/\/www.rcd510.de\/index.php?rest_route=\/wp\/v2\/pages\/168\/revisions\/301"}],"wp:attachment":[{"href":"https:\/\/www.rcd510.de\/index.php?rest_route=%2Fwp%2Fv2%2Fmedia&parent=168"}],"curies":[{"name":"wp","href":"https:\/\/api.w.org\/{rel}","templated":true}]}}