{"id":30,"date":"2013-10-11T10:48:02","date_gmt":"2013-10-11T08:48:02","guid":{"rendered":"http:\/\/blog.iuk-loesungen.de\/?page_id=30"},"modified":"2016-01-05T09:57:50","modified_gmt":"2016-01-05T07:57:50","slug":"rcd-510-rdw","status":"publish","type":"page","link":"https:\/\/www.rcd510.de\/?page_id=30","title":{"rendered":"RCD 510 RDW"},"content":{"rendered":"<p>Das RCD 510 RDW ist auch bekannt als Weltradio. Es hat eine andere Tastenbelegung als das EU-Modell. Bisher habe ich von diesem Modell nur Bosch-Ger\u00e4te gesehen. Wie das EU-Modell werden sie in Portugal produziert. Vom Funktionsumfang ist mir bisher kein Unterschied bekannt. Interessant ist die Tatsache, dass Ende 2013 diese Versionen auch im Volkswagen-Zubeh\u00f6r-Shop f\u00fcr den deutschen Markt angeboten wurden.<\/p>\n<figure id=\"attachment_203\" aria-describedby=\"caption-attachment-203\" style=\"width: 300px\" class=\"wp-caption alignnone\"><a href=\"https:\/\/www.rcd510.de\/wp-content\/uploads\/2013\/10\/DSC03160-Medium.jpg\"><img loading=\"lazy\" decoding=\"async\" class=\"wp-image-203 size-medium\" src=\"https:\/\/www.rcd510.de\/wp-content\/uploads\/2013\/10\/DSC03160-Medium-300x200.jpg\" alt=\"Normaler Radiomodus mit RDS-Info\" width=\"300\" height=\"200\" srcset=\"https:\/\/www.rcd510.de\/wp-content\/uploads\/2013\/10\/DSC03160-Medium-300x200.jpg 300w, https:\/\/www.rcd510.de\/wp-content\/uploads\/2013\/10\/DSC03160-Medium-1024x681.jpg 1024w, https:\/\/www.rcd510.de\/wp-content\/uploads\/2013\/10\/DSC03160-Medium.jpg 1154w\" sizes=\"auto, (max-width: 300px) 100vw, 300px\" \/><\/a><figcaption id=\"caption-attachment-203\" class=\"wp-caption-text\">Normaler Radiomodus mit RDS-Info<\/figcaption><\/figure>\n<figure id=\"attachment_206\" aria-describedby=\"caption-attachment-206\" style=\"width: 300px\" class=\"wp-caption alignnone\"><a href=\"https:\/\/www.rcd510.de\/wp-content\/uploads\/2013\/10\/DSC03168-Medium.jpg\"><img loading=\"lazy\" decoding=\"async\" class=\"size-medium wp-image-206\" src=\"https:\/\/www.rcd510.de\/wp-content\/uploads\/2013\/10\/DSC03168-Medium-300x200.jpg\" alt=\"Aktivieren der AF-Funktion im Men\u00fc\" width=\"300\" height=\"200\" srcset=\"https:\/\/www.rcd510.de\/wp-content\/uploads\/2013\/10\/DSC03168-Medium-300x200.jpg 300w, https:\/\/www.rcd510.de\/wp-content\/uploads\/2013\/10\/DSC03168-Medium-1024x681.jpg 1024w, https:\/\/www.rcd510.de\/wp-content\/uploads\/2013\/10\/DSC03168-Medium.jpg 1154w\" sizes=\"auto, (max-width: 300px) 100vw, 300px\" \/><\/a><figcaption id=\"caption-attachment-206\" class=\"wp-caption-text\">Aktivieren der AF-Funktion im Men\u00fc<\/figcaption><\/figure>\n<figure id=\"attachment_205\" aria-describedby=\"caption-attachment-205\" style=\"width: 300px\" class=\"wp-caption alignnone\"><a href=\"https:\/\/www.rcd510.de\/wp-content\/uploads\/2013\/10\/DSC03166-Medium.jpg\"><img loading=\"lazy\" decoding=\"async\" class=\"size-medium wp-image-205\" src=\"https:\/\/www.rcd510.de\/wp-content\/uploads\/2013\/10\/DSC03166-Medium-300x200.jpg\" alt=\"TIM-Funktion\" width=\"300\" height=\"200\" srcset=\"https:\/\/www.rcd510.de\/wp-content\/uploads\/2013\/10\/DSC03166-Medium-300x200.jpg 300w, https:\/\/www.rcd510.de\/wp-content\/uploads\/2013\/10\/DSC03166-Medium-1024x681.jpg 1024w, https:\/\/www.rcd510.de\/wp-content\/uploads\/2013\/10\/DSC03166-Medium.jpg 1154w\" sizes=\"auto, (max-width: 300px) 100vw, 300px\" \/><\/a><figcaption id=\"caption-attachment-205\" class=\"wp-caption-text\">TIM-Funktion<\/figcaption><\/figure>\n<figure id=\"attachment_204\" aria-describedby=\"caption-attachment-204\" style=\"width: 300px\" class=\"wp-caption alignnone\"><a href=\"https:\/\/www.rcd510.de\/wp-content\/uploads\/2013\/10\/DSC03165-Medium.jpg\"><img loading=\"lazy\" decoding=\"async\" class=\"size-medium wp-image-204\" src=\"https:\/\/www.rcd510.de\/wp-content\/uploads\/2013\/10\/DSC03165-Medium-300x200.jpg\" alt=\"Aktivieren des Verkehrsfunks im Men\u00fc(TP)\" width=\"300\" height=\"200\" srcset=\"https:\/\/www.rcd510.de\/wp-content\/uploads\/2013\/10\/DSC03165-Medium-300x200.jpg 300w, https:\/\/www.rcd510.de\/wp-content\/uploads\/2013\/10\/DSC03165-Medium-1024x681.jpg 1024w, https:\/\/www.rcd510.de\/wp-content\/uploads\/2013\/10\/DSC03165-Medium.jpg 1154w\" sizes=\"auto, (max-width: 300px) 100vw, 300px\" \/><\/a><figcaption id=\"caption-attachment-204\" class=\"wp-caption-text\">Aktivieren des Verkehrsfunks im Men\u00fc(TP)<\/figcaption><\/figure>\n<p>Man vermisst die TIM und TP-Taste. Beide Funktionen sind aber vorhanden. Die &#8211;&gt;-Taste dient als TIM-Taste. Der Verkehrsfunk kann \u00fcber das Men\u00fc &#8222;Extras&#8220; aktiviert werden. Bei deaktivierter AF-Funktion wird im Hauptbildschirm gro\u00df die Frequenz angezeigt und klein darunter der Sendername. Ein automatischer Wechsel zu der besten Frequenz ist dann aber nicht m\u00f6glich. Es ist davon auszugehen, dass der Tuner in diesem Modus st\u00e4ndig Phasendiversity durchf\u00fchrt, w\u00e4hrend er bei aktivierter AF-Funktion mit dem zweiten Tuner die anderen Frequenzen abtastet und das st\u00e4rkere Signal ausw\u00e4hlt.<\/p>\n<p>Folgende Teilenummern sind mir bekannt:<br \/>\n5K0035190A (mit R\u00fcckfahrkameraanschluss)<br \/>\n5K0035190B (ohne R\u00fcckfahrkameraanschluss)<br \/>\n5K0035190C (mit R\u00fcckfahrkameraanschluss und schwarzen Drehkn\u00f6pfen)<br \/>\n5K0035190D (ohne R\u00fcckfahrkameraanschluss, mit schwarzen Drehkn\u00f6pfen)<\/p>\n<p>Modelle mit 5K0<strong>057<\/strong>190* sind die Modelle f\u00fcr den nachtr\u00e4glichen Einbau, wie sie z.B. im Zubeh\u00f6rshop bei VW angeboten werden. Diese enthalten zus\u00e4tzlich noch das Handbuch und eine Einbauanleitung im Lieferumfang.<\/p>\n<p>&nbsp;<\/p>\n","protected":false},"excerpt":{"rendered":"<p>Das RCD 510 RDW ist auch bekannt als Weltradio. Es hat eine andere Tastenbelegung als das EU-Modell. Bisher habe ich von diesem Modell nur<\/p>\n","protected":false},"author":1,"featured_media":0,"parent":0,"menu_order":1,"comment_status":"closed","ping_status":"closed","template":"","meta":{"footnotes":""},"class_list":["post-30","page","type-page","status-publish","hentry"],"_links":{"self":[{"href":"https:\/\/www.rcd510.de\/index.php?rest_route=\/wp\/v2\/pages\/30","targetHints":{"allow":["GET"]}}],"collection":[{"href":"https:\/\/www.rcd510.de\/index.php?rest_route=\/wp\/v2\/pages"}],"about":[{"href":"https:\/\/www.rcd510.de\/index.php?rest_route=\/wp\/v2\/types\/page"}],"author":[{"embeddable":true,"href":"https:\/\/www.rcd510.de\/index.php?rest_route=\/wp\/v2\/users\/1"}],"replies":[{"embeddable":true,"href":"https:\/\/www.rcd510.de\/index.php?rest_route=%2Fwp%2Fv2%2Fcomments&post=30"}],"version-history":[{"count":11,"href":"https:\/\/www.rcd510.de\/index.php?rest_route=\/wp\/v2\/pages\/30\/revisions"}],"predecessor-version":[{"id":222,"href":"https:\/\/www.rcd510.de\/index.php?rest_route=\/wp\/v2\/pages\/30\/revisions\/222"}],"wp:attachment":[{"href":"https:\/\/www.rcd510.de\/index.php?rest_route=%2Fwp%2Fv2%2Fmedia&parent=30"}],"curies":[{"name":"wp","href":"https:\/\/api.w.org\/{rel}","templated":true}]}}