{"id":38,"date":"2013-10-11T11:03:09","date_gmt":"2013-10-11T09:03:09","guid":{"rendered":"http:\/\/blog.iuk-loesungen.de\/?page_id=38"},"modified":"2014-11-17T10:11:45","modified_gmt":"2014-11-17T08:11:45","slug":"rcd-510-us","status":"publish","type":"page","link":"https:\/\/www.rcd510.de\/?page_id=38","title":{"rendered":"RCD 510 US"},"content":{"rendered":"<p>Das US-Modell verf\u00fcgt neben dem FM\/AM-Empf\u00e4nger auch \u00fcber einen Empf\u00e4nger f\u00fcr das Satellitenradio f\u00fcr den nordamerikanischen Kontinent. F\u00fcr Europa v\u00f6llig unbrauchbar. Das Radio wird von Delphi in Portugal und Mexiko produziert. Ger\u00e4te von Bosch f\u00fcr diesen Markt habe ich noch keine gesehen. Man erkennt es an der Vorderseite an der &#8222;SAT&#8220;-Taste anstelle der &#8222;PHONE&#8220;-Taste. An der R\u00fcckseite ist gut der gr\u00fcne Fakra-Stecker f\u00fcr das Satellitenradio zu erkennen.<br \/>\nDas Ger\u00e4t kann kein RDS und nur ungerade UKW-Frequenzen empfangen. Als Sprachen bietet es Englisch, Franz\u00f6isch und Spanisch.<\/p>\n<div id='gallery-1' class='gallery galleryid-38 gallery-columns-3 gallery-size-colornews-featured-image'><figure class='gallery-item'>\n\t\t\t<div class='gallery-icon landscape'>\n\t\t\t\t<a href='https:\/\/www.rcd510.de\/?attachment_id=64'><img loading=\"lazy\" decoding=\"async\" width=\"558\" height=\"400\" src=\"https:\/\/www.rcd510.de\/wp-content\/uploads\/2013\/10\/1k0035180ac.jpg\" class=\"attachment-colornews-featured-image size-colornews-featured-image\" alt=\"\" aria-describedby=\"gallery-1-64\" srcset=\"https:\/\/www.rcd510.de\/wp-content\/uploads\/2013\/10\/1k0035180ac.jpg 640w, https:\/\/www.rcd510.de\/wp-content\/uploads\/2013\/10\/1k0035180ac-300x215.jpg 300w\" sizes=\"auto, (max-width: 558px) 100vw, 558px\" \/><\/a>\n\t\t\t<\/div>\n\t\t\t\t<figcaption class='wp-caption-text gallery-caption' id='gallery-1-64'>\n\t\t\t\tFoto: Max Bibow\n\t\t\t\t<\/figcaption><\/figure><figure class='gallery-item'>\n\t\t\t<div class='gallery-icon landscape'>\n\t\t\t\t<a href='https:\/\/www.rcd510.de\/?attachment_id=63'><img loading=\"lazy\" decoding=\"async\" width=\"627\" height=\"400\" src=\"https:\/\/www.rcd510.de\/wp-content\/uploads\/2013\/10\/KGrHqFHJFQFH+3bLSKwBSDeiKugjQ60_57.jpg\" class=\"attachment-colornews-featured-image size-colornews-featured-image\" alt=\"\" aria-describedby=\"gallery-1-63\" srcset=\"https:\/\/www.rcd510.de\/wp-content\/uploads\/2013\/10\/KGrHqFHJFQFH+3bLSKwBSDeiKugjQ60_57.jpg 1106w, https:\/\/www.rcd510.de\/wp-content\/uploads\/2013\/10\/KGrHqFHJFQFH+3bLSKwBSDeiKugjQ60_57-300x191.jpg 300w, https:\/\/www.rcd510.de\/wp-content\/uploads\/2013\/10\/KGrHqFHJFQFH+3bLSKwBSDeiKugjQ60_57-1024x653.jpg 1024w\" sizes=\"auto, (max-width: 627px) 100vw, 627px\" \/><\/a>\n\t\t\t<\/div>\n\t\t\t\t<figcaption class='wp-caption-text gallery-caption' id='gallery-1-63'>\n\t\t\t\tFoto: Max Bibow\n\t\t\t\t<\/figcaption><\/figure>\n\t\t<\/div>\n\n<p>Bekannte Teilenummern:<br \/>\n1K0035180AC<br \/>\n1K0035180AD<br \/>\n1K0035180AE<br \/>\n1K0035180AF<br \/>\n5C6035180, inkl. Energieflussanzeige f\u00fcr Hybridfahrzeuge<\/p>\n","protected":false},"excerpt":{"rendered":"<p>Das US-Modell verf\u00fcgt neben dem FM\/AM-Empf\u00e4nger auch \u00fcber einen Empf\u00e4nger f\u00fcr das Satellitenradio f\u00fcr den nordamerikanischen Kontinent. F\u00fcr Europa v\u00f6llig unbrauchbar. Das Radio wird<\/p>\n","protected":false},"author":1,"featured_media":0,"parent":0,"menu_order":2,"comment_status":"closed","ping_status":"closed","template":"","meta":{"footnotes":""},"class_list":["post-38","page","type-page","status-publish","hentry"],"_links":{"self":[{"href":"https:\/\/www.rcd510.de\/index.php?rest_route=\/wp\/v2\/pages\/38","targetHints":{"allow":["GET"]}}],"collection":[{"href":"https:\/\/www.rcd510.de\/index.php?rest_route=\/wp\/v2\/pages"}],"about":[{"href":"https:\/\/www.rcd510.de\/index.php?rest_route=\/wp\/v2\/types\/page"}],"author":[{"embeddable":true,"href":"https:\/\/www.rcd510.de\/index.php?rest_route=\/wp\/v2\/users\/1"}],"replies":[{"embeddable":true,"href":"https:\/\/www.rcd510.de\/index.php?rest_route=%2Fwp%2Fv2%2Fcomments&post=38"}],"version-history":[{"count":7,"href":"https:\/\/www.rcd510.de\/index.php?rest_route=\/wp\/v2\/pages\/38\/revisions"}],"predecessor-version":[{"id":165,"href":"https:\/\/www.rcd510.de\/index.php?rest_route=\/wp\/v2\/pages\/38\/revisions\/165"}],"wp:attachment":[{"href":"https:\/\/www.rcd510.de\/index.php?rest_route=%2Fwp%2Fv2%2Fmedia&parent=38"}],"curies":[{"name":"wp","href":"https:\/\/api.w.org\/{rel}","templated":true}]}}