{"id":436,"date":"2020-08-07T14:57:59","date_gmt":"2020-08-07T12:57:59","guid":{"rendered":"https:\/\/www.rcd510.de\/?page_id=436"},"modified":"2024-03-27T08:09:53","modified_gmt":"2024-03-27T06:09:53","slug":"rcn-210-fuer-golf-4-etc","status":"publish","type":"page","link":"https:\/\/www.rcd510.de\/?page_id=436","title":{"rendered":"RCN 210 f\u00fcr Golf 4, etc."},"content":{"rendered":"\r\n<p>Relativ neu auf dem deutschen Markt seit 2020 sind die Ger\u00e4te mit den passenden Abmessungen f\u00fcr den alten Doppel-DIN-Schacht, wie er bei Golf 4, Passat B5, Polo 9N und weiteren Modellen verwendet worden ist. War es bisher immer etwas kompliziert oder gar unm\u00f6glich den CAN-BUS f\u00fcr die Ger\u00e4te im Fahrzeug zu finden und zu verkabeln, liegt inzwischen den meisten Ger\u00e4ten ein Adapter bei, welcher den CAN-BUS simuliert. Die Ger\u00e4te sind damit Plug&amp;Play, falls vorher schon ein Alpha, Beta oder Gamma Radio verbaut war. Falls das Fahrzeug bereits ein RCD 200 verbaut hat (z.B. letzte Baureihen beim Polo), dann liegt in der Regel der CAN-BUS schon am Quadlock-Stecker fahrzeugseitig an. Dann ist ein zus\u00e4tzlicher Adapter notwendig, der den CAN-BUS in das richtige Datenformat konvertiert. Diese Adapter k\u00f6nnen \u00fcber die folgenden Links beschafft werden:<\/p>\r\n\r\n\r\n\r\n<div class=\"atkp-container atkp-grid_3_columns-box  atkp-template-grid_3_columns\">\n            <div class=\"atkp-clearfix atkp-box-3-cols \">\n                            <div class=\"atkp-box atkp-smallbox atkp-box-3-cols-item atkp-clearfix \">\n                    <div class=\"atkp-thumb\">\n                                                    <img decoding=\"async\" class=\"atkp-image\" src=\"https:\/\/i.ebayimg.com\/images\/g\/TiUAAOSwgXxnfqHY\/s-l225.jpg\"\n                                 alt=\"RCN210 Autoradio BT Multifunktionslenkrad Canbus Adapter F&uuml;r VW Golf 4 Passat B5\"\/>\n                                            <\/div>\n                    <div class=\"atkp-content\">\n                                                    <a class=\"atkp-title\" href=\"https:\/\/www.ebay.de\/itm\/176453539401?_skw=Autoradio+RCN210+BT+Multifunktionslenkrad+Canbus+Adapter+F%C3%BCr+VW+Golf+4+Passat+B5&hash=item2915735649%3Ag%3ATiUAAOSwgXxnfqHY&mkevt=1&mkcid=1&mkrid=707-53477-19255-0&campid=5338228915&customid=&toolid=10049\" rel=\"sponsored nofollow noopener\" target=\"_blank\"  title=\"Jetzt kaufen bei eBay\">RCN210 Autoradio BT Multifunktionslenkrad Canbus Adapter F&uuml;r VW Golf 4 Passat B5*<\/a>\n                                                <div class=\"atkp-author\"><\/div>\n                    <\/div>\n                    <div class=\"atkp-bottom\">\n                        <div class=\"atkp-ratingbar\">\n                                                            <div class=\"atkp-rating\"><span class=\"atkp-star atkp-star-0 atkp-star-00\" title=\"0.00 von 5 Sternen\"><\/span><\/div>\n                                                        <div class=\"atkp-primelogo\"><\/div>\n                            <div class=\"atkp-clearfix\"><\/div>\n                        <\/div>\n                                                    <span class=\"atkp-price atkp-saleprice\">\n                                Preis: &euro; 159,99\n                                                                    <span class=\"atkp_price atkp-baseprice\"><\/span>\n                                                            <\/span>\n                                                                            <a href=\"https:\/\/www.ebay.de\/itm\/176453539401?_skw=Autoradio+RCN210+BT+Multifunktionslenkrad+Canbus+Adapter+F%C3%BCr+VW+Golf+4+Passat+B5&hash=item2915735649%3Ag%3ATiUAAOSwgXxnfqHY&mkevt=1&mkcid=1&mkrid=707-53477-19255-0&campid=5338228915&customid=&toolid=10049\" rel=\"sponsored nofollow noopener\" target=\"_blank\"  title=\"Jetzt kaufen bei eBay\" class=\"atkp-button\">Jetzt kaufen bei eBay!*<\/a>\n                        \n                        \n                                                    <span class=\"atkp-priceinfo\">Preis inkl. MwSt., zzgl. Versandkosten<\/span>\n                                                                            <div class=\"atkp-shoplogo\">eBay<\/div>\n                                            <\/div>\n                <\/div>\n                    <\/div>\n                    <span class=\"atkp-disclaimer\"><br>Zuletzt aktualisiert am 28. Februar 2026 um 8:09 . Wir weisen darauf hin, dass sich hier angezeigte Preise inzwischen ge\u00e4ndert haben k\u00f6nnen. Alle Angaben ohne Gew\u00e4hr.<br>Die mit * gekennzeichneten Links sind sogenannte Affiliate Links. Kommt \u00fcber einen solchen Link ein Einkauf zustande, werde ich mit einer Provision beteiligt. F\u00fcr Dich entstehen dabei keine Mehrkosten. Wo, wann und wie Du ein Produkt kaufst, bleibt nat\u00fcrlich Dir \u00fcberlassen.<\/span>\n            <\/div>\n\r\n\r\n\r\n\r\n<p>Die Radios selber sind umfangreich ausgestattet. Zu den Funktionen z\u00e4hlen u.a.:<\/p>\r\n\r\n\r\n\r\n<ul class=\"wp-block-list\">\r\n<li>Bluetooth Freisprecheinrichtung<\/li>\r\n<li>Musikstreaming \u00fcber Bluetooth<\/li>\r\n<li>USB<\/li>\r\n<li>microSD-Karte<\/li>\r\n<li>CD-Player mit MP3<\/li>\r\n<li>AUX<\/li>\r\n<\/ul>\r\n\r\n\r\n\r\n<p>Wie auch beim RCN 210 f\u00fcr den Goilf 6, gibt es bei diesem Modell Einschr\u00e4nkungen. Es verf\u00fcgt nur \u00fcber ein englisches Men\u00fc und die RDS-Funktionen beim Radio sind sehr rudiment\u00e4r. Es wird lediglich der Sendername angezeigt. Ansonsten aber eine gelungene Aufwertung f\u00fcr die \u00e4lteren Fahrzeuge zu einem attraktiven Preis.<\/p>\r\n<hr \/>\r\n<p>Werbung:<\/p>\r\n\r\n\r\n\r\n<div class=\"atkp-container atkp-grid_3_columns-box  atkp-template-grid_3_columns\">\n            <div class=\"atkp-clearfix atkp-box-3-cols \">\n                            <div class=\"atkp-box atkp-smallbox atkp-box-3-cols-item atkp-clearfix \">\n                    <div class=\"atkp-thumb\">\n                                                    <img decoding=\"async\" class=\"atkp-image\" src=\"https:\/\/i.ebayimg.com\/images\/g\/EKIAAOSw9oNgqm~e\/s-l225.jpg\"\n                                 alt=\"Autoradio RCN210 mit Bluetooth CD SD MP3 USB f&uuml;r VW Golf 4 MK4 Passat B5 Polo\"\/>\n                                            <\/div>\n                    <div class=\"atkp-content\">\n                                                    <a class=\"atkp-title\" href=\"https:\/\/www.ebay.de\/itm\/176453546097?_skw=RCN+210&hash=item2915737071%3Ag%3AEKIAAOSw9oNgqm%7Ee&amdata=enc%3AAQALAAAA4ACCtXRWQnOEpyOqnQQ8KGaezaaWfpi9fekiSkS4wzQEx2jU1Vp18JfzYgl%2FA3%2B85DWknOI3KaSTN0OJw39QL2A7KT%2BQZOLNlStSjN3LxFLyIbQcrZYT26L0lYZgSx8CiVFOlw1gKvh1rSklQSyBsyemFmubVDzbG9SsxRtUAK%2BfOIBX1xPHCXgk1saYeFc89QdzY9N6%2FHbEmIWTy%2FaLkBXXwxGRZsAMS29exsPKeaZGPuBuJ5ozMTAIS0%2FJgzboweDbA3LqJlCNR97lnh%2BI%2FTV%2BjfKKWd6ZQ144z6ilXZB1&mkevt=1&mkcid=1&mkrid=707-53477-19255-0&campid=5338228915&customid=&toolid=10049\" rel=\"sponsored nofollow noopener\" target=\"_blank\"  title=\"Jetzt kaufen bei eBay\">Autoradio RCN210 mit Bluetooth CD SD MP3 USB f&uuml;r VW Golf 4 MK4 Passat B5 Polo*<\/a>\n                                                <div class=\"atkp-author\"><\/div>\n                    <\/div>\n                    <div class=\"atkp-bottom\">\n                        <div class=\"atkp-ratingbar\">\n                                                            <div class=\"atkp-rating\"><span class=\"atkp-star atkp-star-0 atkp-star-00\" title=\"0.00 von 5 Sternen\"><\/span><\/div>\n                                                        <div class=\"atkp-primelogo\"><\/div>\n                            <div class=\"atkp-clearfix\"><\/div>\n                        <\/div>\n                                                    <span class=\"atkp-price atkp-saleprice\">\n                                Preis: &euro; 129,99\n                                                                    <span class=\"atkp_price atkp-baseprice\"><\/span>\n                                                            <\/span>\n                                                                            <a href=\"https:\/\/www.ebay.de\/itm\/176453546097?_skw=RCN+210&hash=item2915737071%3Ag%3AEKIAAOSw9oNgqm%7Ee&amdata=enc%3AAQALAAAA4ACCtXRWQnOEpyOqnQQ8KGaezaaWfpi9fekiSkS4wzQEx2jU1Vp18JfzYgl%2FA3%2B85DWknOI3KaSTN0OJw39QL2A7KT%2BQZOLNlStSjN3LxFLyIbQcrZYT26L0lYZgSx8CiVFOlw1gKvh1rSklQSyBsyemFmubVDzbG9SsxRtUAK%2BfOIBX1xPHCXgk1saYeFc89QdzY9N6%2FHbEmIWTy%2FaLkBXXwxGRZsAMS29exsPKeaZGPuBuJ5ozMTAIS0%2FJgzboweDbA3LqJlCNR97lnh%2BI%2FTV%2BjfKKWd6ZQ144z6ilXZB1&mkevt=1&mkcid=1&mkrid=707-53477-19255-0&campid=5338228915&customid=&toolid=10049\" rel=\"sponsored nofollow noopener\" target=\"_blank\"  title=\"Jetzt kaufen bei eBay\" class=\"atkp-button\">Jetzt kaufen bei eBay!*<\/a>\n                        \n                        \n                                                    <span class=\"atkp-priceinfo\">Preis inkl. MwSt., zzgl. Versandkosten<\/span>\n                                                                            <div class=\"atkp-shoplogo\">eBay<\/div>\n                                            <\/div>\n                <\/div>\n                            <div class=\"atkp-box atkp-smallbox atkp-box-3-cols-item atkp-clearfix \">\n                    <div class=\"atkp-thumb\">\n                                                    <img decoding=\"async\" class=\"atkp-image\" src=\"https:\/\/i.ebayimg.com\/images\/g\/jnwAAOSwYKxky0Cz\/s-l225.jpg\"\n                                 alt=\"Autoradio RCN210 mit Bluetooth USB AUX CD MP3 f&uuml;r VW Passat B5 Golf 4 MK4 Polo\"\/>\n                                            <\/div>\n                    <div class=\"atkp-content\">\n                                                    <a class=\"atkp-title\" href=\"https:\/\/www.ebay.de\/itm\/143645553454?_skw=RCN+210&hash=item2171f1332e%3Ag%3AjnwAAOSwYKxky0Cz&amdata=enc%3AAQALAAAA4ACCtXRWQnOEpyOqnQQ8KGYs9%2BMPUjX3gFSRaMC6SU27QDQW%2Bl53mbj%2BGpPYkULkiRKy0UpBsr3oH2B4J1fHc3veSeFuQ%2BPuNoKu4xU%2FLtLHs2APibAJYKEMO28YzZuAkjdsSTnLWng4xwaj5ZKS%2B5oFEqE9U0lsfeXra4KVKfDxM%2F41PBgWgTmBdmShPyVHJMrvjS9eVOr14mappG0lQZLklux38OjHjn7UGk7eJF7B80F8Bz%2Fxg4Xwd8g0zFQ4s1Jb%2Bz19WY%2FIHc5PNVo7B4CSlMd1EUNl5umLSRv1CwF3&mkevt=1&mkcid=1&mkrid=707-53477-19255-0&campid=5338228915&customid=&toolid=10049\" rel=\"sponsored nofollow noopener\" target=\"_blank\"  title=\"Jetzt kaufen bei eBay\">Autoradio RCN210 mit Bluetooth USB AUX CD MP3 f&uuml;r VW Passat B5 Golf 4 MK4 Polo*<\/a>\n                                                <div class=\"atkp-author\"><\/div>\n                    <\/div>\n                    <div class=\"atkp-bottom\">\n                        <div class=\"atkp-ratingbar\">\n                                                            <div class=\"atkp-rating\"><span class=\"atkp-star atkp-star-0 atkp-star-00\" title=\"0.00 von 5 Sternen\"><\/span><\/div>\n                                                        <div class=\"atkp-primelogo\"><\/div>\n                            <div class=\"atkp-clearfix\"><\/div>\n                        <\/div>\n                                                    <span class=\"atkp-price atkp-saleprice\">\n                                Preis: &euro; 134,99\n                                                                    <span class=\"atkp_price atkp-baseprice\"><\/span>\n                                                            <\/span>\n                                                                            <a href=\"https:\/\/www.ebay.de\/itm\/143645553454?_skw=RCN+210&hash=item2171f1332e%3Ag%3AjnwAAOSwYKxky0Cz&amdata=enc%3AAQALAAAA4ACCtXRWQnOEpyOqnQQ8KGYs9%2BMPUjX3gFSRaMC6SU27QDQW%2Bl53mbj%2BGpPYkULkiRKy0UpBsr3oH2B4J1fHc3veSeFuQ%2BPuNoKu4xU%2FLtLHs2APibAJYKEMO28YzZuAkjdsSTnLWng4xwaj5ZKS%2B5oFEqE9U0lsfeXra4KVKfDxM%2F41PBgWgTmBdmShPyVHJMrvjS9eVOr14mappG0lQZLklux38OjHjn7UGk7eJF7B80F8Bz%2Fxg4Xwd8g0zFQ4s1Jb%2Bz19WY%2FIHc5PNVo7B4CSlMd1EUNl5umLSRv1CwF3&mkevt=1&mkcid=1&mkrid=707-53477-19255-0&campid=5338228915&customid=&toolid=10049\" rel=\"sponsored nofollow noopener\" target=\"_blank\"  title=\"Jetzt kaufen bei eBay\" class=\"atkp-button\">Jetzt kaufen bei eBay!*<\/a>\n                        \n                        \n                                                    <span class=\"atkp-priceinfo\">Preis inkl. MwSt., zzgl. Versandkosten<\/span>\n                                                                            <div class=\"atkp-shoplogo\">eBay<\/div>\n                                            <\/div>\n                <\/div>\n                            <div class=\"atkp-box atkp-smallbox atkp-box-3-cols-item atkp-clearfix \">\n                    <div class=\"atkp-thumb\">\n                                                    <img decoding=\"async\" class=\"atkp-image\" src=\"https:\/\/i.ebayimg.com\/images\/g\/iQoAAOSwDM9gc1B0\/s-l225.jpg\"\n                                 alt=\"RCN210 Autoradio mit Bluetooth CD SD MP3 USB f&uuml;r VW Golf MK4 Passat B5 Polo\"\/>\n                                            <\/div>\n                    <div class=\"atkp-content\">\n                                                    <a class=\"atkp-title\" href=\"https:\/\/www.ebay.de\/itm\/316444350386?_skw=RCN+210&hash=item49ad8d97b2%3Ag%3AiQoAAOSwDM9gc1B0&mkevt=1&mkcid=1&mkrid=707-53477-19255-0&campid=5338228915&customid=&toolid=10049\" rel=\"sponsored nofollow noopener\" target=\"_blank\"  title=\"Jetzt kaufen bei eBay\">RCN210 Autoradio mit Bluetooth CD SD MP3 USB f&uuml;r VW Golf MK4 Passat B5 Polo*<\/a>\n                                                <div class=\"atkp-author\"><\/div>\n                    <\/div>\n                    <div class=\"atkp-bottom\">\n                        <div class=\"atkp-ratingbar\">\n                                                            <div class=\"atkp-rating\"><span class=\"atkp-star atkp-star-0 atkp-star-00\" title=\"0.00 von 5 Sternen\"><\/span><\/div>\n                                                        <div class=\"atkp-primelogo\"><\/div>\n                            <div class=\"atkp-clearfix\"><\/div>\n                        <\/div>\n                                                    <span class=\"atkp-price atkp-saleprice\">\n                                Preis: &euro; 128,90\n                                                                    <span class=\"atkp_price atkp-baseprice\"><\/span>\n                                                            <\/span>\n                                                                            <a href=\"https:\/\/www.ebay.de\/itm\/316444350386?_skw=RCN+210&hash=item49ad8d97b2%3Ag%3AiQoAAOSwDM9gc1B0&mkevt=1&mkcid=1&mkrid=707-53477-19255-0&campid=5338228915&customid=&toolid=10049\" rel=\"sponsored nofollow noopener\" target=\"_blank\"  title=\"Jetzt kaufen bei eBay\" class=\"atkp-button\">Jetzt kaufen bei eBay!*<\/a>\n                        \n                        \n                                                    <span class=\"atkp-priceinfo\">Preis inkl. MwSt., zzgl. Versandkosten<\/span>\n                                                                            <div class=\"atkp-shoplogo\">eBay<\/div>\n                                            <\/div>\n                <\/div>\n                            <div class=\"atkp-box atkp-smallbox atkp-box-3-cols-item atkp-clearfix \">\n                    <div class=\"atkp-thumb\">\n                                                    <img decoding=\"async\" class=\"atkp-image\" src=\"https:\/\/i.ebayimg.com\/images\/g\/ysQAAOSwqh1i4cjh\/s-l225.jpg\"\n                                 alt=\"Autoradio RCN210 Bluetooth CD Player MP3 SD USB f&uuml;r VW Golf MK4 Passat B5 Polo\"\/>\n                                            <\/div>\n                    <div class=\"atkp-content\">\n                                                    <a class=\"atkp-title\" href=\"https:\/\/www.ebay.de\/itm\/264853658330?_skw=RCN+210&hash=item3daa821ada%3Ag%3AysQAAOSwqh1i4cjh&mkevt=1&mkcid=1&mkrid=707-53477-19255-0&campid=5338228915&customid=&toolid=10049\" rel=\"sponsored nofollow noopener\" target=\"_blank\"  title=\"Jetzt kaufen bei eBay\">Autoradio RCN210 Bluetooth CD Player MP3 SD USB f&uuml;r VW Golf MK4 Passat B5 Polo*<\/a>\n                                                <div class=\"atkp-author\"><\/div>\n                    <\/div>\n                    <div class=\"atkp-bottom\">\n                        <div class=\"atkp-ratingbar\">\n                                                            <div class=\"atkp-rating\"><span class=\"atkp-star atkp-star-0 atkp-star-00\" title=\"0.00 von 5 Sternen\"><\/span><\/div>\n                                                        <div class=\"atkp-primelogo\"><\/div>\n                            <div class=\"atkp-clearfix\"><\/div>\n                        <\/div>\n                                                    <span class=\"atkp-price atkp-saleprice\">\n                                Preis: &euro; 132,99\n                                                                    <span class=\"atkp_price atkp-baseprice\"><\/span>\n                                                            <\/span>\n                                                                            <a href=\"https:\/\/www.ebay.de\/itm\/264853658330?_skw=RCN+210&hash=item3daa821ada%3Ag%3AysQAAOSwqh1i4cjh&mkevt=1&mkcid=1&mkrid=707-53477-19255-0&campid=5338228915&customid=&toolid=10049\" rel=\"sponsored nofollow noopener\" target=\"_blank\"  title=\"Jetzt kaufen bei eBay\" class=\"atkp-button\">Jetzt kaufen bei eBay!*<\/a>\n                        \n                        \n                                                    <span class=\"atkp-priceinfo\">Preis inkl. MwSt., zzgl. Versandkosten<\/span>\n                                                                            <div class=\"atkp-shoplogo\">eBay<\/div>\n                                            <\/div>\n                <\/div>\n                            <div class=\"atkp-box atkp-smallbox atkp-box-3-cols-item atkp-clearfix \">\n                    <div class=\"atkp-thumb\">\n                                                    <img decoding=\"async\" class=\"atkp-image\" src=\"https:\/\/i.ebayimg.com\/images\/g\/PtcAAOSwCr5hYQg9\/s-l225.jpg\"\n                                 alt=\"RCN210 Multifunktionslenkrad Simulator Canbus Adapter F&uuml;r VW Golf4 MK4 Passat B5\"\/>\n                                            <\/div>\n                    <div class=\"atkp-content\">\n                                                    <a class=\"atkp-title\" href=\"https:\/\/www.ebay.de\/itm\/144239510380?_skw=RCN+210&hash=item219558436c%3Ag%3APtcAAOSwCr5hYQg9&mkevt=1&mkcid=1&mkrid=707-53477-19255-0&campid=5338228915&customid=&toolid=10049\" rel=\"sponsored nofollow noopener\" target=\"_blank\"  title=\"Jetzt kaufen bei eBay\">RCN210 Multifunktionslenkrad Simulator Canbus Adapter F&uuml;r VW Golf4 MK4 Passat B5*<\/a>\n                                                <div class=\"atkp-author\"><\/div>\n                    <\/div>\n                    <div class=\"atkp-bottom\">\n                        <div class=\"atkp-ratingbar\">\n                                                            <div class=\"atkp-rating\"><span class=\"atkp-star atkp-star-0 atkp-star-00\" title=\"0.00 von 5 Sternen\"><\/span><\/div>\n                                                        <div class=\"atkp-primelogo\"><\/div>\n                            <div class=\"atkp-clearfix\"><\/div>\n                        <\/div>\n                                                    <span class=\"atkp-price atkp-saleprice\">\n                                Preis: &euro; 129,99\n                                                                    <span class=\"atkp_price atkp-baseprice\"><\/span>\n                                                            <\/span>\n                                                                            <a href=\"https:\/\/www.ebay.de\/itm\/144239510380?_skw=RCN+210&hash=item219558436c%3Ag%3APtcAAOSwCr5hYQg9&mkevt=1&mkcid=1&mkrid=707-53477-19255-0&campid=5338228915&customid=&toolid=10049\" rel=\"sponsored nofollow noopener\" target=\"_blank\"  title=\"Jetzt kaufen bei eBay\" class=\"atkp-button\">Jetzt kaufen bei eBay!*<\/a>\n                        \n                        \n                                                    <span class=\"atkp-priceinfo\">Preis inkl. MwSt., zzgl. Versandkosten<\/span>\n                                                                            <div class=\"atkp-shoplogo\">eBay<\/div>\n                                            <\/div>\n                <\/div>\n                            <div class=\"atkp-box atkp-smallbox atkp-box-3-cols-item atkp-clearfix \">\n                    <div class=\"atkp-thumb\">\n                                                    <img decoding=\"async\" class=\"atkp-image\" src=\"https:\/\/i.ebayimg.com\/images\/g\/TAYAAOSwNydi55wQ\/s-l225.jpg\"\n                                 alt=\"RCN210 Autoradio BT CD Player SD MP3 USB f&uuml;r VW Golf MK4 Passat B5 Polo\"\/>\n                                            <\/div>\n                    <div class=\"atkp-content\">\n                                                    <a class=\"atkp-title\" href=\"https:\/\/www.ebay.de\/itm\/265807469763?_skw=RCN+210&hash=item3de35c1cc3%3Ag%3ATAYAAOSwNydi55wQ&mkevt=1&mkcid=1&mkrid=707-53477-19255-0&campid=5338228915&customid=&toolid=10049\" rel=\"sponsored nofollow noopener\" target=\"_blank\"  title=\"Jetzt kaufen bei eBay\">RCN210 Autoradio BT CD Player SD MP3 USB f&uuml;r VW Golf MK4 Passat B5 Polo*<\/a>\n                                                <div class=\"atkp-author\"><\/div>\n                    <\/div>\n                    <div class=\"atkp-bottom\">\n                        <div class=\"atkp-ratingbar\">\n                                                            <div class=\"atkp-rating\"><span class=\"atkp-star atkp-star-0 atkp-star-00\" title=\"0.00 von 5 Sternen\"><\/span><\/div>\n                                                        <div class=\"atkp-primelogo\"><\/div>\n                            <div class=\"atkp-clearfix\"><\/div>\n                        <\/div>\n                                                    <span class=\"atkp-price atkp-saleprice\">\n                                Preis: &euro; 139,99\n                                                                    <span class=\"atkp_price atkp-baseprice\"><\/span>\n                                                            <\/span>\n                                                                            <a href=\"https:\/\/www.ebay.de\/itm\/265807469763?_skw=RCN+210&hash=item3de35c1cc3%3Ag%3ATAYAAOSwNydi55wQ&mkevt=1&mkcid=1&mkrid=707-53477-19255-0&campid=5338228915&customid=&toolid=10049\" rel=\"sponsored nofollow noopener\" target=\"_blank\"  title=\"Jetzt kaufen bei eBay\" class=\"atkp-button\">Jetzt kaufen bei eBay!*<\/a>\n                        \n                        \n                                                    <span class=\"atkp-priceinfo\">Preis inkl. MwSt., zzgl. Versandkosten<\/span>\n                                                                            <div class=\"atkp-shoplogo\">eBay<\/div>\n                                            <\/div>\n                <\/div>\n                    <\/div>\n                    <span class=\"atkp-disclaimer\"><br>Zuletzt aktualisiert am 28. Februar 2026 um 8:09 . Wir weisen darauf hin, dass sich hier angezeigte Preise inzwischen ge\u00e4ndert haben k\u00f6nnen. Alle Angaben ohne Gew\u00e4hr.<br>Die mit * gekennzeichneten Links sind sogenannte Affiliate Links. Kommt \u00fcber einen solchen Link ein Einkauf zustande, werde ich mit einer Provision beteiligt. F\u00fcr Dich entstehen dabei keine Mehrkosten. Wo, wann und wie Du ein Produkt kaufst, bleibt nat\u00fcrlich Dir \u00fcberlassen.<\/span>\n            <\/div>\n\r\n<hr \/>\r\n\r\n\r\n<p>&nbsp;<\/p>\r\n\r\n\r\n\r\n<p>&nbsp;<\/p>\r\n","protected":false},"excerpt":{"rendered":"<p>Relativ neu auf dem deutschen Markt seit 2020 sind die Ger\u00e4te mit den passenden Abmessungen f\u00fcr den alten Doppel-DIN-Schacht, wie er bei Golf 4,<\/p>\n","protected":false},"author":1,"featured_media":0,"parent":0,"menu_order":0,"comment_status":"closed","ping_status":"closed","template":"","meta":{"footnotes":""},"class_list":["post-436","page","type-page","status-publish","hentry"],"_links":{"self":[{"href":"https:\/\/www.rcd510.de\/index.php?rest_route=\/wp\/v2\/pages\/436","targetHints":{"allow":["GET"]}}],"collection":[{"href":"https:\/\/www.rcd510.de\/index.php?rest_route=\/wp\/v2\/pages"}],"about":[{"href":"https:\/\/www.rcd510.de\/index.php?rest_route=\/wp\/v2\/types\/page"}],"author":[{"embeddable":true,"href":"https:\/\/www.rcd510.de\/index.php?rest_route=\/wp\/v2\/users\/1"}],"replies":[{"embeddable":true,"href":"https:\/\/www.rcd510.de\/index.php?rest_route=%2Fwp%2Fv2%2Fcomments&post=436"}],"version-history":[{"count":5,"href":"https:\/\/www.rcd510.de\/index.php?rest_route=\/wp\/v2\/pages\/436\/revisions"}],"predecessor-version":[{"id":505,"href":"https:\/\/www.rcd510.de\/index.php?rest_route=\/wp\/v2\/pages\/436\/revisions\/505"}],"wp:attachment":[{"href":"https:\/\/www.rcd510.de\/index.php?rest_route=%2Fwp%2Fv2%2Fmedia&parent=436"}],"curies":[{"name":"wp","href":"https:\/\/api.w.org\/{rel}","templated":true}]}}